{"id":1607,"date":"2024-08-07T17:41:07","date_gmt":"2024-08-07T17:41:07","guid":{"rendered":"https:\/\/berkeley.com\/news\/"},"modified":"2024-12-11T11:41:36","modified_gmt":"2024-12-11T11:41:36","slug":"news","status":"publish","type":"page","link":"https:\/\/berkeley.com\/es\/news\/","title":{"rendered":"News"},"content":{"rendered":"<div class=\"wpb-content-wrapper\"><p>[vc_row row_width=&#8221;fullwidth&#8221; css=&#8221;.vc_custom_1726565822657{background-image: url(https:\/\/berkeley.com\/app\/uploads\/2024\/08\/hero-news.jpg?id=196) !important;background-position: center !important;background-repeat: no-repeat !important;background-size: cover !important;}&#8221; el_class=&#8221;hero&#8221; el_id=&#8221;md9&#8243;][vc_column el_class=&#8221;textup&#8221;][vc_custom_heading text=&#8221;Prensa&#8221; font_container=&#8221;tag:h1|text_align:center&#8221; use_theme_fonts=&#8221;yes&#8221; css=&#8221;&#8221;][vc_column_text css=&#8221;&#8221;]<\/p>\n<p style=\"text-align: center;\">Mant\u00e9ngase informado con las \u00faltimas noticias de Berkeley Financial Holdings. Nuestra sala de prensa es su fuente de informaci\u00f3n sobre las \u00faltimas tendencias en el mundo financiero, nuestras actividades comerciales y mucho m\u00e1s. Aqu\u00ed, el conocimiento empodera.<\/p>\n<p>[\/vc_column_text][vc_row el_class=\"play-video\"][vc_column][vc_row_inner][vc_column_inner][vc_btn title=\"Play Video\" css=\"\" link=\"url:%23\" el_class=\"showvideo\"][vc_video link=\"https:\/\/www.youtube.com\/watch?v=s3tLiDsTemo\" css=\"\" el_class=\"modal modalvideo\"][\/vc_column_inner][\/vc_row_inner][\/vc_column][\/vc_row][\/vc_column][\/vc_row][vc_row row_width=&#8221;fullwidth&#8221;][vc_column css=&#8221;.vc_custom_1727607557332{padding-top: 0px !important;}&#8221;][vc_column_text css=&#8221;&#8221;]<iframe referrerpolicy=\"no-referrer-when-downgrade\" id=\"4fd649c3-8856-1575-5044-7d24094b25d5\" frameBorder=\"0\" class=\"stockdio_ticker\" scrolling=\"no\" width=\"100%\"  src=\"https:\/\/api.stockdio.com\/visualization\/financial\/charts\/v1\/ticker?app-key=3DA21EFA41C84EDE93C70A685546D4D8&#038;wp=1&#038;addVolume=false&#038;symbols=AAPL%3BMSFT%3BGOOG%3BHPQ%3BORCL%3BFB%3BCSCO&#038;culture=normal&#038;speed=normal&#038;palette=Financial-Light&#038;motif=Financial&#038;width=100%25&#038;onload=4fd649c3-8856-1575-5044-7d24094b25d5\"><\/iframe>[\/vc_column_text][\/vc_column][\/vc_row][vc_row el_id=&#8221;md9inner&#8221;][vc_column][vc_column_text css=&#8221;&#8221; el_class=&#8221;content&#8221;]<\/p>\n<p style=\"text-align: center;\">For media inquiries, please send us an email to <a href=\"mailto:media@berkely.com\">media@berkely.com<\/a><\/p>\n<p>[\/vc_column_text]<div class=\"news-list\">\n            <div class=\"grid-post-list\">\n            \n                <div class=\"post-item\">\n                    <a href=\"https:\/\/berkeley.com\/es\/berkeley-financial-participates-as-silver-sponsor-at-latin-america-banking-and-markets-conference\/\">\n                        <div class=\"post-image\">\n                                                            <img loading=\"lazy\" decoding=\"async\" width=\"1261\" height=\"449\" src=\"https:\/\/berkeley.com\/app\/uploads\/2024\/12\/Global-Banking-Markets-OCo-Latin-America-Bonds-Loans-ESG.jpg\" class=\"attachment-full size-full wp-post-image\" alt=\"\" srcset=\"https:\/\/berkeley.com\/app\/uploads\/2024\/12\/Global-Banking-Markets-OCo-Latin-America-Bonds-Loans-ESG.jpg 1261w, https:\/\/berkeley.com\/app\/uploads\/2024\/12\/Global-Banking-Markets-OCo-Latin-America-Bonds-Loans-ESG-300x107.jpg 300w, https:\/\/berkeley.com\/app\/uploads\/2024\/12\/Global-Banking-Markets-OCo-Latin-America-Bonds-Loans-ESG-1024x365.jpg 1024w, https:\/\/berkeley.com\/app\/uploads\/2024\/12\/Global-Banking-Markets-OCo-Latin-America-Bonds-Loans-ESG-768x273.jpg 768w\" sizes=\"auto, (max-width: 1261px) 100vw, 1261px\" \/>                                                        <div class=\"overlay\"><\/div>\n                        <\/div>\n                        <div class=\"content\">\n                            <h2>Berkeley Financial participa en la Conferencia de Banca y Mercados de Am\u00e9rica Latina<\/h2><p>[vc_row][vc_column][vc_column_text css=&#8221;&#8221;] Berkeley Financial se enorgullece de haber participado como Patrocinador Plata en la prestigiosa Conferencia [&hellip;]<\/p>\n                        <\/div>\n                    <\/a>\n                <\/div>\n            \n                <div class=\"post-item\">\n                    <a href=\"https:\/\/berkeley.com\/es\/rendimiento-del-mercado-bursatil-estadounidense-y-mundial-en-2024-tendencias-y-analisis\/\">\n                        <div class=\"post-image\">\n                                                            <img loading=\"lazy\" decoding=\"async\" width=\"1400\" height=\"650\" src=\"https:\/\/berkeley.com\/app\/uploads\/2024\/08\/US-and-global-stock-market-performance-en-2024.jpg\" class=\"attachment-full size-full wp-post-image\" alt=\"U.S. and Global Stock Market Performance in 2024\" srcset=\"https:\/\/berkeley.com\/app\/uploads\/2024\/08\/US-and-global-stock-market-performance-en-2024.jpg 1400w, https:\/\/berkeley.com\/app\/uploads\/2024\/08\/US-and-global-stock-market-performance-en-2024-300x139.jpg 300w, https:\/\/berkeley.com\/app\/uploads\/2024\/08\/US-and-global-stock-market-performance-en-2024-1024x475.jpg 1024w, https:\/\/berkeley.com\/app\/uploads\/2024\/08\/US-and-global-stock-market-performance-en-2024-768x357.jpg 768w\" sizes=\"auto, (max-width: 1400px) 100vw, 1400px\" \/>                                                        <div class=\"overlay\"><\/div>\n                        <\/div>\n                        <div class=\"content\">\n                            <h2>Rendimiento del mercado burs\u00e1til estadounidense y mundial en 2024: tendencias y an\u00e1lisis<\/h2><p>[vc_row][vc_column][vc_column_text css=&#8221;&#8221;] A medida que avanzamos en 2024, el rendimiento de los mercados burs\u00e1tiles de EE. [&hellip;]<\/p>\n                        <\/div>\n                    <\/a>\n                <\/div>\n            \n                <div class=\"post-item\">\n                    <a href=\"https:\/\/berkeley.com\/es\/5-cosas-a-tener-en-cuenta-a-la-hora-de-seleccionar-un-banco-privado\/\">\n                        <div class=\"post-image\">\n                                                            <img loading=\"lazy\" decoding=\"async\" width=\"1400\" height=\"650\" src=\"https:\/\/berkeley.com\/app\/uploads\/2024\/08\/Berkeley-5-things-to-consider-selecting-bank.jpg\" class=\"attachment-full size-full wp-post-image\" alt=\"5 Things to Consider When Selecting a Private Bank\" srcset=\"https:\/\/berkeley.com\/app\/uploads\/2024\/08\/Berkeley-5-things-to-consider-selecting-bank.jpg 1400w, https:\/\/berkeley.com\/app\/uploads\/2024\/08\/Berkeley-5-things-to-consider-selecting-bank-300x139.jpg 300w, https:\/\/berkeley.com\/app\/uploads\/2024\/08\/Berkeley-5-things-to-consider-selecting-bank-1024x475.jpg 1024w, https:\/\/berkeley.com\/app\/uploads\/2024\/08\/Berkeley-5-things-to-consider-selecting-bank-768x357.jpg 768w\" sizes=\"auto, (max-width: 1400px) 100vw, 1400px\" \/>                                                        <div class=\"overlay\"><\/div>\n                        <\/div>\n                        <div class=\"content\">\n                            <h2>5 cosas a tener en cuenta a la hora de seleccionar un banco privado<\/h2><p>[vc_row][vc_column][vc_column_text css=&#8221;&#8221;] Explore c\u00f3mo Berkeley Financial puede mejorar su experiencia bancaria y ayudarlo a alcanzar sus [&hellip;]<\/p>\n                        <\/div>\n                    <\/a>\n                <\/div>\n                    <\/div>\n            <\/div>[\/vc_column][\/vc_row][vc_row el_id=&#8221;md7&#8243;][vc_column]                [vc_row row_width=\"fullwidth_contained\" css=\".vc_custom_1724772861311{background: #25221b url(https:\/\/berkeley.com\/app\/uploads\/2024\/08\/Berkeley-Ready-to-talk-ok.jpg?id=785) !important;background-position: center !important;background-repeat: no-repeat !important;background-size: cover !important;}\" el_class=\"ready-to-talk\" el_id=\"ready-to-talk\"][vc_column][vc_row_inner equal_height=\"yes\" content_placement=\"bottom\" el_class=\"responsive-reverse\"][vc_column_inner el_class=\"newsletter\" width=\"1\/2\"][vc_custom_heading text=\"Suscr\u00edbase a nuestro Bolet\u00edn Informativo\" use_theme_fonts=\"yes\" css=\"\" el_class=\"uppercase font-24 mb-6\"][vc_column_text css=\"\" el_class=\"font-14\"]Mant\u00e9ngase al d\u00eda con las \u00faltimas noticias, an\u00e1lisis financieros y oportunidades de inversi\u00f3n proporcionadas por Berkeley Financial y sus subsidiarias.[\/vc_column_text]\n<div class=\"wpcf7 no-js\" id=\"wpcf7-f2379-o1\" lang=\"en-US\" dir=\"ltr\" data-wpcf7-id=\"2379\">\n<div class=\"screen-reader-response\"><p role=\"status\" aria-live=\"polite\" aria-atomic=\"true\"><\/p> <ul><\/ul><\/div>\n<form action=\"\/es\/wp-json\/wp\/v2\/pages\/1607#wpcf7-f2379-o1\" method=\"post\" class=\"wpcf7-form init\" aria-label=\"Contact form\" novalidate=\"novalidate\" data-status=\"init\">\n<fieldset class=\"hidden-fields-container\"><input type=\"hidden\" name=\"_wpcf7\" value=\"2379\" \/><input type=\"hidden\" name=\"_wpcf7_version\" value=\"6.1.5\" \/><input type=\"hidden\" name=\"_wpcf7_locale\" value=\"en_US\" \/><input type=\"hidden\" name=\"_wpcf7_unit_tag\" value=\"wpcf7-f2379-o1\" \/><input type=\"hidden\" name=\"_wpcf7_container_post\" value=\"0\" \/><input type=\"hidden\" name=\"_wpcf7_posted_data_hash\" value=\"\" \/>\n<\/fieldset>\n<div class=\"wpcf7-turnstile cf-turnstile\" data-sitekey=\"0x4AAAAAAB20j17Uwaxwrk59\" data-response-field-name=\"_wpcf7_turnstile_response\"><\/div>\n\n<p><span class=\"wpcf7-form-control-wrap\" data-name=\"your-name\"><input size=\"40\" maxlength=\"400\" class=\"wpcf7-form-control wpcf7-text wpcf7-validates-as-required\" aria-required=\"true\" aria-invalid=\"false\" placeholder=\"Nombre\" value=\"\" type=\"text\" name=\"your-name\" \/><\/span><br \/>\n<span class=\"wpcf7-form-control-wrap\" data-name=\"your-email\"><input size=\"40\" maxlength=\"400\" class=\"wpcf7-form-control wpcf7-email wpcf7-validates-as-required wpcf7-text wpcf7-validates-as-email\" aria-required=\"true\" aria-invalid=\"false\" placeholder=\"Correo electr\u00f3nico\" value=\"\" type=\"email\" name=\"your-email\" \/><\/span><br \/>\n<span class=\"wpcf7-form-control-wrap\" data-name=\"acceptance-671\"><span class=\"wpcf7-form-control wpcf7-acceptance\"><span class=\"wpcf7-list-item\"><label><input type=\"checkbox\" name=\"acceptance-671\" value=\"1\" aria-invalid=\"false\" \/><span class=\"wpcf7-list-item-label\">*Acepto las condiciones legales y recibir propuestas comerciales de Berkeley Financial Holding.<\/span><\/label><\/span><\/span><\/span><br \/>\n<input class=\"wpcf7-form-control wpcf7-submit has-spinner\" type=\"submit\" value=\"SUSCRIBIRSE\" \/>\n<\/p><div class=\"wpcf7-response-output\" aria-hidden=\"true\"><\/div>\n<\/form>\n<\/div>\n[\/vc_column_inner][vc_column_inner el_class=\"chat\" width=\"1\/2\"][vc_custom_heading text=\"\u00bfListo para hablar?\" use_theme_fonts=\"yes\" css=\"\" el_class=\"uppercase\"][vc_column_text css=\"\" el_class=\"pl-6\"]Ya sea que est\u00e9 buscando mejorar su cartera o necesite informaci\u00f3n detallada sobre nuestros servicios, nuestro equipo dedicado est\u00e1 listo para ayudarlo[\/vc_column_text][vc_column_text css=\"\" el_class=\"form-title\"]<strong>Hablemos<\/strong>\r\n\r\nNuestro Chatbot interactivo est\u00e1 aqu\u00ed las 24 horas del d\u00eda, los 7 d\u00edas de la semana para guiarlo a trav\u00e9s de cualquier consulta que pueda tener sobre nuestros servicios. Es solo otra forma en que definimos Banking Upgraded.[\/vc_column_text][vc_column_text css=\"\" el_class=\"chatbot\"]<div class='mwai-chatbot-container' data-params='{&quot;aiName&quot;:&quot;AI: &quot;,&quot;userName&quot;:&quot;User: &quot;,&quot;guestName&quot;:&quot;Guest:&quot;,&quot;textSend&quot;:&quot;Enviar&quot;,&quot;textClear&quot;:&quot;Clear&quot;,&quot;imageUpload&quot;:false,&quot;fileUpload&quot;:false,&quot;multiUpload&quot;:false,&quot;maxUploads&quot;:1,&quot;fileUploads&quot;:0,&quot;fileSearch&quot;:false,&quot;mode&quot;:&quot;assistant&quot;,&quot;textInputPlaceholder&quot;:&quot;Escribe tu consulta...&quot;,&quot;textInputMaxLength&quot;:512,&quot;textCompliance&quot;:&quot;&quot;,&quot;startSentence&quot;:&quot;Hola! \\u00bfEn qu\\u00e9 puedo ayudarte?&quot;,&quot;localMemory&quot;:true,&quot;themeId&quot;:&quot;theme-q6kbdm&quot;,&quot;window&quot;:false,&quot;icon&quot;:&quot;&quot;,&quot;iconText&quot;:&quot;&quot;,&quot;iconTextDelay&quot;:1,&quot;iconAlt&quot;:&quot;AI Engine Chatbot&quot;,&quot;iconPosition&quot;:&quot;bottom-right&quot;,&quot;centerOpen&quot;:false,&quot;width&quot;:&quot;&quot;,&quot;openDelay&quot;:&quot;&quot;,&quot;iconBubble&quot;:false,&quot;windowAnimation&quot;:&quot;zoom&quot;,&quot;fullscreen&quot;:false,&quot;copyButton&quot;:false,&quot;pdfButton&quot;:true,&quot;headerSubtitle&quot;:&quot;Discuss with&quot;,&quot;containerType&quot;:&quot;standard&quot;,&quot;headerType&quot;:&quot;standard&quot;,&quot;messagesType&quot;:&quot;standard&quot;,&quot;inputType&quot;:&quot;standard&quot;,&quot;footerType&quot;:&quot;standard&quot;}' data-system='{&quot;botId&quot;:&quot;chatbot-guyeqf&quot;,&quot;customId&quot;:null,&quot;userData&quot;:null,&quot;sessionId&quot;:&quot;69fb3c273dd54&quot;,&quot;restNonce&quot;:null,&quot;contextId&quot;:null,&quot;pluginUrl&quot;:&quot;https:\\\/\\\/berkeley.com\\\/app\\\/plugins\\\/ai-engine&quot;,&quot;restUrl&quot;:&quot;https:\\\/\\\/berkeley.com\\\/es\\\/wp-json&quot;,&quot;stream&quot;:true,&quot;debugMode&quot;:false,&quot;eventLogs&quot;:false,&quot;speech_recognition&quot;:false,&quot;speech_synthesis&quot;:false,&quot;typewriter&quot;:false,&quot;crossSite&quot;:false,&quot;actions&quot;:[],&quot;blocks&quot;:[],&quot;shortcuts&quot;:[]}' data-theme='{&quot;type&quot;:&quot;css&quot;,&quot;name&quot;:&quot;Berkeley&quot;,&quot;themeId&quot;:&quot;theme-q6kbdm&quot;,&quot;settings&quot;:[],&quot;style&quot;:&quot;.mwai-theme-q6kbdm-theme {\\n  --mwai-spacing: 24px;\\n  --mwai-fontSize: 18px;\\n  --mwai-fontColor: #3F3A2E;\\n  --mwai-bgPrimary: transparent;\\n  --mwai-primary: #0084ff;\\n  --mwai-secondary: #f0f0f0;\\n  --mwai-width: 300px;\\n  --mwai-borderRadius: 0;\\n}\\n\\n.mwai-theme-q6kbdm-theme .mwai-content {\\n  background: var(--mwai-bgPrimary);\\n  font-size: var(--mwai-fontSize);\\n  color: var(--mwai-fontColor);\\ndisplay: flex;\\nflex-direction: column;\\ngap: 2px;\\n}\\n\\n.mwai-theme-q6kbdm-theme .mwai-conversation {\\n  display: flex;\\n  flex-direction: column;\\n}\\n\\n.mwai-theme-q6kbdm-theme .mwai-reply {\\n  margin-bottom: var(--mwai-spacing);\\n  display: flex;\\n}\\n\\n.mwai-theme-q6kbdm-theme .mwai-reply.mwai-user {\\n  background: var(--mwai-primary);\\n  color: #fff;\\n}\\n\\n.mwai-theme-q6kbdm-theme .mwai-name {\\n  margin-right: var(--mwai-spacing);\\n}\\n\\n.mwai-theme-q6kbdm-theme .mwai-input {\\n  display: flex;\\n  align-items: center;\\n  flex-direction: column;\\n  gap: 5px;\\n}\\n\\n.mwai-theme-q6kbdm-theme .mwai-input-text {\\n  display: flex;\\n  align-items: center;\\n  flex: 1;\\n}\\n\\n.mwai-theme-q6kbdm-theme .mwai-input-text textarea {\\n  flex: 1;\\n}\\n\\n.mwai-theme-q6kbdm-theme .mwai-trigger {\\n  position: absolute;\\n  right: 0;\\n  bottom: 0;\\n  transition: all 0.2s ease-out;\\n  z-index: 9999;\\n  display: flex;\\n  flex-direction: column;\\n  align-items: flex-end;\\n}\\n\\n.mwai-theme-q6kbdm-theme .mwai-trigger .mwai-icon-text-container {\\n  display: flex;\\n  flex-direction: column;\\n  align-items: flex-end;\\n}\\n\\n.mwai-theme-q6kbdm-theme .mwai-trigger .mwai-icon-text {\\n  background: var(--mwai-iconTextBackgroundColor);\\n  color: var(--mwai-iconTextColor);\\n  box-shadow: 0 0 15px rgba(0, 0, 0, 0.15);\\n  max-width: 200px;\\n  font-size: 13px;\\n  margin-bottom: 15px;\\n  padding: 10px 15px;\\n  border-radius: 8px;\\n}\\n\\n.mwai-theme-q6kbdm-theme .mwai-reply-actions .mwai-copy-button {\\n  fill: var(--mwai-fontColor);\\n  padding: 3px 5px;\\n  width: 24px;\\n  height: 24px;\\n  background: var(--mwai-bgPrimary);\\n  cursor: pointer;\\n  border-radius: var(--mwai-borderRadius);\\n  display: none;\\n}\\n\\n.mwai-theme-q6kbdm-theme .mwai-reply-actions:not(.mwai-hidden) .mwai-copy-button {\\n  display: block;\\n}\\n\\n.mwai-theme-q6kbdm-theme.mwai-window {\\n  position: fixed;\\n  right: 30px;\\n  bottom: 30px;\\n  width: var(--mwai-width);\\n  z-index: 9999;\\n}\\n\\n.mwai-theme-q6kbdm-theme.mwai-window .mwai-content {\\n  display: none;\\n  opacity: 0;\\n  max-height: var(--mwai-maxHeight);\\n  border-radius: 0 0 var(--mwai-borderRadius) var(--mwai-borderRadius);\\n}\\n\\n.mwai-theme-q6kbdm-theme.mwai-window.mwai-bottom-left,\\n.mwai-theme-q6kbdm-theme.mwai-window.mwai-top-left {\\n  right: auto;\\n  left: 30px;\\n}\\n\\n.mwai-theme-q6kbdm-theme.mwai-window.mwai-top-right,\\n.mwai-theme-q6kbdm-theme.mwai-window.mwai-top-left {\\n  top: 30px;\\n  bottom: auto;\\n}\\n\\n.mwai-theme-q6kbdm-theme.mwai-window.mwai-open .mwai-trigger {\\n  display: none;\\n}\\n\\n.mwai-theme-q6kbdm-theme.mwai-window.mwai-open .mwai-content {\\n  display: flex;\\n  flex-direction: column;\\n  transition: opacity 200ms ease-in-out;\\n  opacity: 1;\\n}\\n\\n.mwai-theme-q6kbdm-theme.mwai-window .mwai-header {\\n  display: none;\\n  justify-content: flex-end;\\n  height: 22px;\\n}\\n\\n.mwai-theme-q6kbdm-theme.mwai-window.mwai-open .mwai-header {\\n  display: flex;\\n}\\n\\n.mwai-theme-q6kbdm-theme.mwai-window .mwai-header .mwai-buttons .mwai-close-button:after {\\n  content: &#039;\\u2573&#039;;\\n  cursor: pointer;\\n}\\n&quot;,&quot;cssUrl&quot;:&quot;https:\\\/\\\/berkeley.com\\\/es\\\/wp-json\\\/mwai-ui\\\/v1\\\/cross-site\\\/theme-css?themeId=theme-q6kbdm&quot;}'><\/div>[\/vc_column_text][vc_column_text css=\"\" el_class=\"chat-disclaimer\"]<small>Este chatbot automatizado, gestionado a trav\u00e9s de ChatGPT de Open AI, es solo para fines informativos y no constituye una oferta o solicitud de ning\u00fan instrumento financiero. Toda la informaci\u00f3n est\u00e1 sujeta a cambios sin previo aviso y no debe considerarse como asesoramiento financiero, de inversi\u00f3n, fiscal o legal. Berkeley Financial no se hace responsable de ning\u00fan error u omisi\u00f3n. Para m\u00e1s informaci\u00f3n<\/small>[\/vc_column_text][\/vc_column_inner][\/vc_row_inner][\/vc_column][\/vc_row]                                    <style>\n                        @media screen and (max-width: 675px) {\n                            #ready-to-talk {\n                                background-image: url(https:\/\/berkeley.com\/app\/uploads\/2024\/08\/block-contact-responsive.jpg) !important;\n                                background-position: top center !important;\n                                background-repeat: no-repeat !important;\n                                background-size: contain !important;\n                            }\n                        }\n                    <\/style>\n                <style>.vc_custom_1724772861311{background: #25221b url(https:\/\/berkeley.com\/app\/uploads\/2024\/08\/Berkeley-Ready-to-talk-ok.jpg?id=785) !important;background-position: center !important;background-repeat: no-repeat !important;background-size: cover !important;}<\/style>[\/vc_column][\/vc_row]<\/p>\n<\/div>","protected":false},"excerpt":{"rendered":"<p>[vc_row row_width=&#8221;fullwidth&#8221; css=&#8221;.vc_custom_1726565822657{background-image: url(https:\/\/berkeley.com\/app\/uploads\/2024\/08\/hero-news.jpg?id=196) !important;background-position: center !important;background-repeat: no-repeat !important;background-size: cover !important;}&#8221; el_class=&#8221;hero&#8221; el_id=&#8221;md9&#8243;][vc_column el_class=&#8221;textup&#8221;][vc_custom_heading text=&#8221;Prensa&#8221; font_container=&#8221;tag:h1|text_align:center&#8221; [&hellip;]<\/p>\n","protected":false},"author":1,"featured_media":0,"parent":0,"menu_order":0,"comment_status":"closed","ping_status":"closed","template":"","meta":{"_acf_changed":false,"inline_featured_image":false,"footnotes":""},"class_list":["post-1607","page","type-page","status-publish","hentry"],"acf":[],"yoast_head":"<!-- This site is optimized with the Yoast SEO plugin v27.5 - https:\/\/yoast.com\/product\/yoast-seo-wordpress\/ -->\n<title>Noticias en Berkeley Financial Holdings<\/title>\n<meta name=\"description\" content=\"Mant\u00e9ngase informado con las \u00faltimas noticias de Berkeley Financial Holdings. Su fuente de informaci\u00f3n de las \u00faltimas tendencias en...\" \/>\n<meta name=\"robots\" content=\"index, follow, max-snippet:-1, max-image-preview:large, max-video-preview:-1\" \/>\n<link rel=\"canonical\" href=\"https:\/\/berkeley.com\/es\/news\/\" \/>\n<meta property=\"og:locale\" content=\"es_ES\" \/>\n<meta property=\"og:type\" content=\"article\" \/>\n<meta property=\"og:title\" content=\"Noticias en Berkeley Financial Holdings\" \/>\n<meta property=\"og:description\" content=\"Mant\u00e9ngase informado con las \u00faltimas noticias de Berkeley Financial Holdings. Su fuente de informaci\u00f3n de las \u00faltimas tendencias en...\" \/>\n<meta property=\"og:url\" content=\"https:\/\/berkeley.com\/es\/news\/\" \/>\n<meta property=\"og:site_name\" content=\"Berkeley Financial\" \/>\n<meta property=\"article:modified_time\" content=\"2024-12-11T11:41:36+00:00\" \/>\n<meta name=\"twitter:card\" content=\"summary_large_image\" \/>\n<meta name=\"twitter:label1\" content=\"Est. reading time\" \/>\n\t<meta name=\"twitter:data1\" content=\"1 minute\" \/>\n<script type=\"application\/ld+json\" class=\"yoast-schema-graph\">{\"@context\":\"https:\\\/\\\/schema.org\",\"@graph\":[{\"@type\":\"WebPage\",\"@id\":\"https:\\\/\\\/berkeley.com\\\/es\\\/news\\\/\",\"url\":\"https:\\\/\\\/berkeley.com\\\/es\\\/news\\\/\",\"name\":\"Noticias en Berkeley Financial Holdings\",\"isPartOf\":{\"@id\":\"https:\\\/\\\/berkeley.com\\\/#website\"},\"datePublished\":\"2024-08-07T17:41:07+00:00\",\"dateModified\":\"2024-12-11T11:41:36+00:00\",\"description\":\"Mant\u00e9ngase informado con las \u00faltimas noticias de Berkeley Financial Holdings. Su fuente de informaci\u00f3n de las \u00faltimas tendencias en...\",\"breadcrumb\":{\"@id\":\"https:\\\/\\\/berkeley.com\\\/es\\\/news\\\/#breadcrumb\"},\"inLanguage\":\"es-ES\",\"potentialAction\":[{\"@type\":\"ReadAction\",\"target\":[\"https:\\\/\\\/berkeley.com\\\/es\\\/news\\\/\"]}]},{\"@type\":\"BreadcrumbList\",\"@id\":\"https:\\\/\\\/berkeley.com\\\/es\\\/news\\\/#breadcrumb\",\"itemListElement\":[{\"@type\":\"ListItem\",\"position\":1,\"name\":\"Home\",\"item\":\"https:\\\/\\\/berkeley.com\\\/es\\\/\"},{\"@type\":\"ListItem\",\"position\":2,\"name\":\"News\"}]},{\"@type\":\"WebSite\",\"@id\":\"https:\\\/\\\/berkeley.com\\\/#website\",\"url\":\"https:\\\/\\\/berkeley.com\\\/\",\"name\":\"Berkeley Financial\",\"description\":\"\",\"publisher\":{\"@id\":\"https:\\\/\\\/berkeley.com\\\/#organization\"},\"potentialAction\":[{\"@type\":\"SearchAction\",\"target\":{\"@type\":\"EntryPoint\",\"urlTemplate\":\"https:\\\/\\\/berkeley.com\\\/?s={search_term_string}\"},\"query-input\":{\"@type\":\"PropertyValueSpecification\",\"valueRequired\":true,\"valueName\":\"search_term_string\"}}],\"inLanguage\":\"es-ES\"},{\"@type\":\"Organization\",\"@id\":\"https:\\\/\\\/berkeley.com\\\/#organization\",\"name\":\"Berkeley Financial\",\"url\":\"https:\\\/\\\/berkeley.com\\\/\",\"logo\":{\"@type\":\"ImageObject\",\"inLanguage\":\"es-ES\",\"@id\":\"https:\\\/\\\/berkeley.com\\\/#\\\/schema\\\/logo\\\/image\\\/\",\"url\":\"https:\\\/\\\/berkeley.com\\\/app\\\/uploads\\\/2024\\\/08\\\/berkeley-financial-logo.svg\",\"contentUrl\":\"https:\\\/\\\/berkeley.com\\\/app\\\/uploads\\\/2024\\\/08\\\/berkeley-financial-logo.svg\",\"width\":102,\"height\":79,\"caption\":\"Berkeley Financial\"},\"image\":{\"@id\":\"https:\\\/\\\/berkeley.com\\\/#\\\/schema\\\/logo\\\/image\\\/\"}}]}<\/script>\n<!-- \/ Yoast SEO plugin. -->","yoast_head_json":{"title":"Noticias en Berkeley Financial Holdings","description":"Mant\u00e9ngase informado con las \u00faltimas noticias de Berkeley Financial Holdings. Su fuente de informaci\u00f3n de las \u00faltimas tendencias en...","robots":{"index":"index","follow":"follow","max-snippet":"max-snippet:-1","max-image-preview":"max-image-preview:large","max-video-preview":"max-video-preview:-1"},"canonical":"https:\/\/berkeley.com\/es\/news\/","og_locale":"es_ES","og_type":"article","og_title":"Noticias en Berkeley Financial Holdings","og_description":"Mant\u00e9ngase informado con las \u00faltimas noticias de Berkeley Financial Holdings. Su fuente de informaci\u00f3n de las \u00faltimas tendencias en...","og_url":"https:\/\/berkeley.com\/es\/news\/","og_site_name":"Berkeley Financial","article_modified_time":"2024-12-11T11:41:36+00:00","twitter_card":"summary_large_image","twitter_misc":{"Est. reading time":"1 minute"},"schema":{"@context":"https:\/\/schema.org","@graph":[{"@type":"WebPage","@id":"https:\/\/berkeley.com\/es\/news\/","url":"https:\/\/berkeley.com\/es\/news\/","name":"Noticias en Berkeley Financial Holdings","isPartOf":{"@id":"https:\/\/berkeley.com\/#website"},"datePublished":"2024-08-07T17:41:07+00:00","dateModified":"2024-12-11T11:41:36+00:00","description":"Mant\u00e9ngase informado con las \u00faltimas noticias de Berkeley Financial Holdings. Su fuente de informaci\u00f3n de las \u00faltimas tendencias en...","breadcrumb":{"@id":"https:\/\/berkeley.com\/es\/news\/#breadcrumb"},"inLanguage":"es-ES","potentialAction":[{"@type":"ReadAction","target":["https:\/\/berkeley.com\/es\/news\/"]}]},{"@type":"BreadcrumbList","@id":"https:\/\/berkeley.com\/es\/news\/#breadcrumb","itemListElement":[{"@type":"ListItem","position":1,"name":"Home","item":"https:\/\/berkeley.com\/es\/"},{"@type":"ListItem","position":2,"name":"News"}]},{"@type":"WebSite","@id":"https:\/\/berkeley.com\/#website","url":"https:\/\/berkeley.com\/","name":"Berkeley Financial","description":"","publisher":{"@id":"https:\/\/berkeley.com\/#organization"},"potentialAction":[{"@type":"SearchAction","target":{"@type":"EntryPoint","urlTemplate":"https:\/\/berkeley.com\/?s={search_term_string}"},"query-input":{"@type":"PropertyValueSpecification","valueRequired":true,"valueName":"search_term_string"}}],"inLanguage":"es-ES"},{"@type":"Organization","@id":"https:\/\/berkeley.com\/#organization","name":"Berkeley Financial","url":"https:\/\/berkeley.com\/","logo":{"@type":"ImageObject","inLanguage":"es-ES","@id":"https:\/\/berkeley.com\/#\/schema\/logo\/image\/","url":"https:\/\/berkeley.com\/app\/uploads\/2024\/08\/berkeley-financial-logo.svg","contentUrl":"https:\/\/berkeley.com\/app\/uploads\/2024\/08\/berkeley-financial-logo.svg","width":102,"height":79,"caption":"Berkeley Financial"},"image":{"@id":"https:\/\/berkeley.com\/#\/schema\/logo\/image\/"}}]}},"_links":{"self":[{"href":"https:\/\/berkeley.com\/es\/wp-json\/wp\/v2\/pages\/1607","targetHints":{"allow":["GET"]}}],"collection":[{"href":"https:\/\/berkeley.com\/es\/wp-json\/wp\/v2\/pages"}],"about":[{"href":"https:\/\/berkeley.com\/es\/wp-json\/wp\/v2\/types\/page"}],"author":[{"embeddable":true,"href":"https:\/\/berkeley.com\/es\/wp-json\/wp\/v2\/users\/1"}],"replies":[{"embeddable":true,"href":"https:\/\/berkeley.com\/es\/wp-json\/wp\/v2\/comments?post=1607"}],"version-history":[{"count":3,"href":"https:\/\/berkeley.com\/es\/wp-json\/wp\/v2\/pages\/1607\/revisions"}],"predecessor-version":[{"id":2021,"href":"https:\/\/berkeley.com\/es\/wp-json\/wp\/v2\/pages\/1607\/revisions\/2021"}],"wp:attachment":[{"href":"https:\/\/berkeley.com\/es\/wp-json\/wp\/v2\/media?parent=1607"}],"curies":[{"name":"wp","href":"https:\/\/api.w.org\/{rel}","templated":true}]}}