{"id":1606,"date":"2024-08-24T14:18:15","date_gmt":"2024-08-24T14:18:15","guid":{"rendered":"https:\/\/berkeley.com\/cookies-policy\/"},"modified":"2024-12-11T11:13:00","modified_gmt":"2024-12-11T11:13:00","slug":"cookies-policy","status":"publish","type":"page","link":"https:\/\/berkeley.com\/es\/cookies-policy\/","title":{"rendered":"Cookies Policy"},"content":{"rendered":"<div class=\"wpb-content-wrapper\"><p>[vc_row row_width=&#8221;fullwidth_contained&#8221; el_class=&#8221;hero&#8221; css=&#8221;.vc_custom_1723805060651{background-image: url(https:\/\/berkeley.com\/app\/uploads\/2024\/08\/hero-subsidiaries.jpg?id=274) !important;background-position: center !important;background-repeat: no-repeat !important;background-size: cover !important;}&#8221;][vc_column][vc_row_inner][vc_column_inner width=&#8221;1\/2&#8243;][\/vc_column_inner][vc_column_inner width=&#8221;1\/2&#8243;][vc_custom_heading text=&#8221;Pol\u00edtica de cookies&#8221; font_container=&#8221;tag:h1|text_align:right&#8221; use_theme_fonts=&#8221;yes&#8221; css=&#8221;&#8221;][\/vc_column_inner][\/vc_row_inner][\/vc_column][\/vc_row][vc_row el_class=&#8221;page-content&#8221;][vc_column][vc_custom_heading text=&#8221;Pol\u00edtica de cookies&#8221; use_theme_fonts=&#8221;yes&#8221; css=&#8221;&#8221;][vc_column_text css=&#8221;&#8221;]<span style=\"font-weight: 400;\">Nuestro sitio web utiliza cookies para mejorar su experiencia de navegaci\u00f3n. Nuestra Pol\u00edtica de cookies explica c\u00f3mo y por qu\u00e9 utilizamos estas cookies, proporcion\u00e1ndole el conocimiento necesario para tomar decisiones informadas sobre su uso en sus dispositivos.<\/span><\/p>\n<p>&nbsp;<\/p>\n<p><strong>Introducci\u00f3n<\/strong><\/p>\n<p><span style=\"font-weight: 400;\">Berkeley Financial Holding (o &#8220;nosotros&#8221;) respeta y se preocupa por su privacidad. Esta Pol\u00edtica describe los procedimientos y pr\u00e1cticas con respecto a nuestro uso de cookies en el sitio web<\/span> <a href=\"https:\/\/berkeley.com\/es\/\">www.berkeley.com<\/a>. <span style=\"font-weight: 400;\">Utilizamos cookies para mejorar la funcionalidad del sitio web y proporcionar una experiencia de usuario m\u00e1s segura.<\/span><\/p>\n<p><span style=\"font-weight: 400;\">&#8220;Usted&#8221; en esta Pol\u00edtica se refiere a un visitante\/usuario de nuestro sitio web.<\/span><\/p>\n<p><span style=\"font-weight: 400;\">Tenga en cuenta que es posible que actualicemos esta Pol\u00edtica de vez en cuando.<\/span><\/p>\n<p>&nbsp;<\/p>\n<p><b>\u00bfQu\u00e9 son las cookies?<\/b><\/p>\n<p><span style=\"font-weight: 400;\">La mayor\u00eda de los sitios web necesitan recopilar cierta informaci\u00f3n b\u00e1sica sobre sus usuarios para funcionar correctamente. Por lo tanto, los sitios web se basan en cookies, peque\u00f1os archivos de texto que se almacenan en su dispositivo para navegar (computadora, dispositivo m\u00f3vil o tableta). Contienen informaci\u00f3n b\u00e1sica sobre su uso de Internet y su navegador env\u00eda estas cookies a nuestro sitio web cada vez que vuelve a visitarlo, para que pueda reconocer su computadora o dispositivo m\u00f3vil. Las cookies utilizadas por nuestro sitio web no pueden da\u00f1ar su dispositivo y nunca almacenamos sus datos confidenciales en cookies.<\/span><\/p>\n<p>&nbsp;<\/p>\n<p><b>\u00bfC\u00f3mo utilizamos las cookies?<\/b><\/p>\n<p><span style=\"font-weight: 400;\">Las cookies cumplen muchas funciones, pero en general, procesamos las cookies en nuestro sitio web para los siguientes fines:<\/span><\/p>\n<ol>\n<li><span style=\"font-weight: 400;\">recordar su estado de inicio de sesi\u00f3n para que no tenga que iniciar sesi\u00f3n mientras navega por nuestro sitio web y su panel de control;<\/span><\/li>\n<li><span style=\"font-weight: 400;\">recordar las partes del sitio visitadas por el usuario para proporcionar contenido atractivo para los visitantes del sitio y revelar a\u00fan m\u00e1s temas que son de actualidad para los usuarios;<\/span><\/li>\n<li><span style=\"font-weight: 400;\">para recopilar informaci\u00f3n sobre las computadoras y los navegadores web utilizados para acceder a nuestro sitio web (esta informaci\u00f3n nos ayuda a monitorear y detectar el uso potencialmente da\u00f1ino o ilegal de nuestros servicios);<\/span><\/li>\n<li><span style=\"font-weight: 400;\">para proporcionar una experiencia de navegaci\u00f3n fluida a los visitantes verificando y asegurando la compatibilidad del sitio con la versi\u00f3n del dispositivo y del navegador;<\/span><\/li>\n<li><span style=\"font-weight: 400;\">Para mantener las estad\u00edsticas sobre la frecuencia con la que los usuarios visitan ciertas partes del sitio, los desarrolladores del sitio implementan los datos para adaptar su usabilidad y mejorar el rendimiento.<\/span><\/li>\n<\/ol>\n<p>&nbsp;<\/p>\n<p><b>\u00bfQu\u00e9 tipos de cookies utilizamos?<\/b><\/p>\n<ol>\n<li><b>Cookies esenciales.<\/b><span style=\"font-weight: 400;\"> Estos son esenciales para permitirle navegar por nuestro sitio web y utilizar sus funciones en su totalidad. Sin ellos, no podr\u00edamos permitir el uso de las funciones de nuestro sitio web. Tambi\u00e9n confiamos en las cookies esenciales para garantizar los m\u00e1s altos est\u00e1ndares de seguridad de datos en nuestras p\u00e1ginas y para cumplir con los est\u00e1ndares de seguridad de la industria.<\/span><\/li>\n<li><b>Cookies de rendimiento.<\/b><span style=\"font-weight: 400;\"> Confiamos en las cookies de rendimiento (o anal\u00edticas) para ayudarnos a comprender c\u00f3mo lleg\u00f3 a nuestro sitio web, la forma y el tiempo que lo usa, y las formas en que podemos mejorar su experiencia de usuario. Estas cookies son an\u00f3nimas y no procesan ning\u00fan dato personal. Algunas de las cookies de rendimiento que utilizamos se emiten como parte de los servicios prestados por terceros seleccionados.<\/span><\/li>\n<li><b>Cookies de funcionalidad.<\/b><span style=\"font-weight: 400;\"> Estas cookies nos permiten recordar las elecciones que realiza en nuestro sitio web y proporcionarle funciones mejoradas y m\u00e1s personales.<\/span><\/li>\n<li><b>Cookies de segmentaci\u00f3n.<\/b><span style=\"font-weight: 400;\"> Nuestro sitio web no utiliza cookies de segmentaci\u00f3n para ofrecerle publicidad dirigida.<\/span><\/li>\n<\/ol>\n<p>&nbsp;<\/p>\n<p><b>\u00bfC\u00f3mo limitar el uso de cookies?<\/b><\/p>\n<p><span style=\"font-weight: 400;\">Puede limitar el uso de cookies en cualquier momento cambiando la configuraci\u00f3n de su navegador y eliminando las cookies almacenadas. Si no desea que se utilicen cookies en sus dispositivos, simplemente cambie la configuraci\u00f3n de seguridad de su navegador. La configuraci\u00f3n de seguridad puede diferir en los navegadores y tener que cambiar en cada uno de ellos. Al no aceptar las cookies, su capacidad para utilizar las funciones de nuestro sitio web puede verse afectada y algunas de ellas pueden no funcionar seg\u00fan lo previsto.<\/span><\/p>\n<p>&nbsp;<\/p>\n<p><b>Cont\u00e1ctenos<\/b><\/p>\n<p><span style=\"font-weight: 400;\">En caso de que tenga alguna pregunta o comentario sobre nuestra Pol\u00edtica de cookies, p\u00f3ngase en contacto con nosotros en <\/span><a href=\"mailto:info@berkeley.com\"><span style=\"font-weight: 400;\">info@berkeley.com<\/span><\/a><\/p>\n<p>[\/vc_column_text][\/vc_column][\/vc_row][vc_row][vc_column][vc_row row_width=\"fullwidth_contained\" css=\".vc_custom_1724772861311{background: #25221b url(https:\/\/berkeley.com\/app\/uploads\/2024\/08\/Berkeley-Ready-to-talk-ok.jpg?id=785) !important;background-position: center !important;background-repeat: no-repeat !important;background-size: cover !important;}\" el_class=\"ready-to-talk\" el_id=\"ready-to-talk\"][vc_column][vc_row_inner equal_height=\"yes\" content_placement=\"bottom\" el_class=\"responsive-reverse\"][vc_column_inner el_class=\"newsletter\" width=\"1\/2\"][vc_custom_heading text=\"Suscr\u00edbase a nuestro Bolet\u00edn Informativo\" use_theme_fonts=\"yes\" css=\"\" el_class=\"uppercase font-24 mb-6\"][vc_column_text css=\"\" el_class=\"font-14\"]Mant\u00e9ngase al d\u00eda con las \u00faltimas noticias, an\u00e1lisis financieros y oportunidades de inversi\u00f3n proporcionadas por Berkeley Financial y sus subsidiarias.[\/vc_column_text]\n<div class=\"wpcf7 no-js\" id=\"wpcf7-f2379-o1\" lang=\"en-US\" dir=\"ltr\" data-wpcf7-id=\"2379\">\n<div class=\"screen-reader-response\"><p role=\"status\" aria-live=\"polite\" aria-atomic=\"true\"><\/p> <ul><\/ul><\/div>\n<form action=\"\/es\/wp-json\/wp\/v2\/pages\/1606#wpcf7-f2379-o1\" method=\"post\" class=\"wpcf7-form init\" aria-label=\"Contact form\" novalidate=\"novalidate\" data-status=\"init\">\n<fieldset class=\"hidden-fields-container\"><input type=\"hidden\" name=\"_wpcf7\" value=\"2379\" \/><input type=\"hidden\" name=\"_wpcf7_version\" value=\"6.1.5\" \/><input type=\"hidden\" name=\"_wpcf7_locale\" value=\"en_US\" \/><input type=\"hidden\" name=\"_wpcf7_unit_tag\" value=\"wpcf7-f2379-o1\" \/><input type=\"hidden\" name=\"_wpcf7_container_post\" value=\"0\" \/><input type=\"hidden\" name=\"_wpcf7_posted_data_hash\" value=\"\" \/>\n<\/fieldset>\n<div class=\"wpcf7-turnstile cf-turnstile\" data-sitekey=\"0x4AAAAAAB20j17Uwaxwrk59\" data-response-field-name=\"_wpcf7_turnstile_response\"><\/div>\n\n<p><span class=\"wpcf7-form-control-wrap\" data-name=\"your-name\"><input size=\"40\" maxlength=\"400\" class=\"wpcf7-form-control wpcf7-text wpcf7-validates-as-required\" aria-required=\"true\" aria-invalid=\"false\" placeholder=\"Nombre\" value=\"\" type=\"text\" name=\"your-name\" \/><\/span><br \/>\n<span class=\"wpcf7-form-control-wrap\" data-name=\"your-email\"><input size=\"40\" maxlength=\"400\" class=\"wpcf7-form-control wpcf7-email wpcf7-validates-as-required wpcf7-text wpcf7-validates-as-email\" aria-required=\"true\" aria-invalid=\"false\" placeholder=\"Correo electr\u00f3nico\" value=\"\" type=\"email\" name=\"your-email\" \/><\/span><br \/>\n<span class=\"wpcf7-form-control-wrap\" data-name=\"acceptance-671\"><span class=\"wpcf7-form-control wpcf7-acceptance\"><span class=\"wpcf7-list-item\"><label><input type=\"checkbox\" name=\"acceptance-671\" value=\"1\" aria-invalid=\"false\" \/><span class=\"wpcf7-list-item-label\">*Acepto las condiciones legales y recibir propuestas comerciales de Berkeley Financial Holding.<\/span><\/label><\/span><\/span><\/span><br \/>\n<input class=\"wpcf7-form-control wpcf7-submit has-spinner\" type=\"submit\" value=\"SUSCRIBIRSE\" \/>\n<\/p><div class=\"wpcf7-response-output\" aria-hidden=\"true\"><\/div>\n<\/form>\n<\/div>\n[\/vc_column_inner][vc_column_inner el_class=\"chat\" width=\"1\/2\"][vc_custom_heading text=\"\u00bfListo para hablar?\" use_theme_fonts=\"yes\" css=\"\" el_class=\"uppercase\"][vc_column_text css=\"\" el_class=\"pl-6\"]Ya sea que est\u00e9 buscando mejorar su cartera o necesite informaci\u00f3n detallada sobre nuestros servicios, nuestro equipo dedicado est\u00e1 listo para ayudarlo[\/vc_column_text][vc_column_text css=\"\" el_class=\"form-title\"]<strong>Hablemos<\/strong>\r\n\r\nNuestro Chatbot interactivo est\u00e1 aqu\u00ed las 24 horas del d\u00eda, los 7 d\u00edas de la semana para guiarlo a trav\u00e9s de cualquier consulta que pueda tener sobre nuestros servicios. Es solo otra forma en que definimos Banking Upgraded.[\/vc_column_text][vc_column_text css=\"\" el_class=\"chatbot\"]<div class='mwai-chatbot-container' data-params='{&quot;aiName&quot;:&quot;AI: &quot;,&quot;userName&quot;:&quot;User: &quot;,&quot;guestName&quot;:&quot;Guest:&quot;,&quot;textSend&quot;:&quot;Enviar&quot;,&quot;textClear&quot;:&quot;Clear&quot;,&quot;imageUpload&quot;:false,&quot;fileUpload&quot;:false,&quot;multiUpload&quot;:false,&quot;maxUploads&quot;:1,&quot;fileUploads&quot;:0,&quot;fileSearch&quot;:false,&quot;mode&quot;:&quot;assistant&quot;,&quot;textInputPlaceholder&quot;:&quot;Escribe tu consulta...&quot;,&quot;textInputMaxLength&quot;:512,&quot;textCompliance&quot;:&quot;&quot;,&quot;startSentence&quot;:&quot;Hola! \\u00bfEn qu\\u00e9 puedo ayudarte?&quot;,&quot;localMemory&quot;:true,&quot;themeId&quot;:&quot;theme-q6kbdm&quot;,&quot;window&quot;:false,&quot;icon&quot;:&quot;&quot;,&quot;iconText&quot;:&quot;&quot;,&quot;iconTextDelay&quot;:1,&quot;iconAlt&quot;:&quot;AI Engine Chatbot&quot;,&quot;iconPosition&quot;:&quot;bottom-right&quot;,&quot;centerOpen&quot;:false,&quot;width&quot;:&quot;&quot;,&quot;openDelay&quot;:&quot;&quot;,&quot;iconBubble&quot;:false,&quot;windowAnimation&quot;:&quot;zoom&quot;,&quot;fullscreen&quot;:false,&quot;copyButton&quot;:false,&quot;pdfButton&quot;:true,&quot;headerSubtitle&quot;:&quot;Discuss with&quot;,&quot;containerType&quot;:&quot;standard&quot;,&quot;headerType&quot;:&quot;standard&quot;,&quot;messagesType&quot;:&quot;standard&quot;,&quot;inputType&quot;:&quot;standard&quot;,&quot;footerType&quot;:&quot;standard&quot;}' data-system='{&quot;botId&quot;:&quot;chatbot-guyeqf&quot;,&quot;customId&quot;:null,&quot;userData&quot;:null,&quot;sessionId&quot;:&quot;69fb3c384d810&quot;,&quot;restNonce&quot;:null,&quot;contextId&quot;:null,&quot;pluginUrl&quot;:&quot;https:\\\/\\\/berkeley.com\\\/app\\\/plugins\\\/ai-engine&quot;,&quot;restUrl&quot;:&quot;https:\\\/\\\/berkeley.com\\\/es\\\/wp-json&quot;,&quot;stream&quot;:true,&quot;debugMode&quot;:false,&quot;eventLogs&quot;:false,&quot;speech_recognition&quot;:false,&quot;speech_synthesis&quot;:false,&quot;typewriter&quot;:false,&quot;crossSite&quot;:false,&quot;actions&quot;:[],&quot;blocks&quot;:[],&quot;shortcuts&quot;:[]}' data-theme='{&quot;type&quot;:&quot;css&quot;,&quot;name&quot;:&quot;Berkeley&quot;,&quot;themeId&quot;:&quot;theme-q6kbdm&quot;,&quot;settings&quot;:[],&quot;style&quot;:&quot;.mwai-theme-q6kbdm-theme {\\n  --mwai-spacing: 24px;\\n  --mwai-fontSize: 18px;\\n  --mwai-fontColor: #3F3A2E;\\n  --mwai-bgPrimary: transparent;\\n  --mwai-primary: #0084ff;\\n  --mwai-secondary: #f0f0f0;\\n  --mwai-width: 300px;\\n  --mwai-borderRadius: 0;\\n}\\n\\n.mwai-theme-q6kbdm-theme .mwai-content {\\n  background: var(--mwai-bgPrimary);\\n  font-size: var(--mwai-fontSize);\\n  color: var(--mwai-fontColor);\\ndisplay: flex;\\nflex-direction: column;\\ngap: 2px;\\n}\\n\\n.mwai-theme-q6kbdm-theme .mwai-conversation {\\n  display: flex;\\n  flex-direction: column;\\n}\\n\\n.mwai-theme-q6kbdm-theme .mwai-reply {\\n  margin-bottom: var(--mwai-spacing);\\n  display: flex;\\n}\\n\\n.mwai-theme-q6kbdm-theme .mwai-reply.mwai-user {\\n  background: var(--mwai-primary);\\n  color: #fff;\\n}\\n\\n.mwai-theme-q6kbdm-theme .mwai-name {\\n  margin-right: var(--mwai-spacing);\\n}\\n\\n.mwai-theme-q6kbdm-theme .mwai-input {\\n  display: flex;\\n  align-items: center;\\n  flex-direction: column;\\n  gap: 5px;\\n}\\n\\n.mwai-theme-q6kbdm-theme .mwai-input-text {\\n  display: flex;\\n  align-items: center;\\n  flex: 1;\\n}\\n\\n.mwai-theme-q6kbdm-theme .mwai-input-text textarea {\\n  flex: 1;\\n}\\n\\n.mwai-theme-q6kbdm-theme .mwai-trigger {\\n  position: absolute;\\n  right: 0;\\n  bottom: 0;\\n  transition: all 0.2s ease-out;\\n  z-index: 9999;\\n  display: flex;\\n  flex-direction: column;\\n  align-items: flex-end;\\n}\\n\\n.mwai-theme-q6kbdm-theme .mwai-trigger .mwai-icon-text-container {\\n  display: flex;\\n  flex-direction: column;\\n  align-items: flex-end;\\n}\\n\\n.mwai-theme-q6kbdm-theme .mwai-trigger .mwai-icon-text {\\n  background: var(--mwai-iconTextBackgroundColor);\\n  color: var(--mwai-iconTextColor);\\n  box-shadow: 0 0 15px rgba(0, 0, 0, 0.15);\\n  max-width: 200px;\\n  font-size: 13px;\\n  margin-bottom: 15px;\\n  padding: 10px 15px;\\n  border-radius: 8px;\\n}\\n\\n.mwai-theme-q6kbdm-theme .mwai-reply-actions .mwai-copy-button {\\n  fill: var(--mwai-fontColor);\\n  padding: 3px 5px;\\n  width: 24px;\\n  height: 24px;\\n  background: var(--mwai-bgPrimary);\\n  cursor: pointer;\\n  border-radius: var(--mwai-borderRadius);\\n  display: none;\\n}\\n\\n.mwai-theme-q6kbdm-theme .mwai-reply-actions:not(.mwai-hidden) .mwai-copy-button {\\n  display: block;\\n}\\n\\n.mwai-theme-q6kbdm-theme.mwai-window {\\n  position: fixed;\\n  right: 30px;\\n  bottom: 30px;\\n  width: var(--mwai-width);\\n  z-index: 9999;\\n}\\n\\n.mwai-theme-q6kbdm-theme.mwai-window .mwai-content {\\n  display: none;\\n  opacity: 0;\\n  max-height: var(--mwai-maxHeight);\\n  border-radius: 0 0 var(--mwai-borderRadius) var(--mwai-borderRadius);\\n}\\n\\n.mwai-theme-q6kbdm-theme.mwai-window.mwai-bottom-left,\\n.mwai-theme-q6kbdm-theme.mwai-window.mwai-top-left {\\n  right: auto;\\n  left: 30px;\\n}\\n\\n.mwai-theme-q6kbdm-theme.mwai-window.mwai-top-right,\\n.mwai-theme-q6kbdm-theme.mwai-window.mwai-top-left {\\n  top: 30px;\\n  bottom: auto;\\n}\\n\\n.mwai-theme-q6kbdm-theme.mwai-window.mwai-open .mwai-trigger {\\n  display: none;\\n}\\n\\n.mwai-theme-q6kbdm-theme.mwai-window.mwai-open .mwai-content {\\n  display: flex;\\n  flex-direction: column;\\n  transition: opacity 200ms ease-in-out;\\n  opacity: 1;\\n}\\n\\n.mwai-theme-q6kbdm-theme.mwai-window .mwai-header {\\n  display: none;\\n  justify-content: flex-end;\\n  height: 22px;\\n}\\n\\n.mwai-theme-q6kbdm-theme.mwai-window.mwai-open .mwai-header {\\n  display: flex;\\n}\\n\\n.mwai-theme-q6kbdm-theme.mwai-window .mwai-header .mwai-buttons .mwai-close-button:after {\\n  content: &#039;\\u2573&#039;;\\n  cursor: pointer;\\n}\\n&quot;,&quot;cssUrl&quot;:&quot;https:\\\/\\\/berkeley.com\\\/es\\\/wp-json\\\/mwai-ui\\\/v1\\\/cross-site\\\/theme-css?themeId=theme-q6kbdm&quot;}'><\/div>[\/vc_column_text][vc_column_text css=\"\" el_class=\"chat-disclaimer\"]<small>Este chatbot automatizado, gestionado a trav\u00e9s de ChatGPT de Open AI, es solo para fines informativos y no constituye una oferta o solicitud de ning\u00fan instrumento financiero. Toda la informaci\u00f3n est\u00e1 sujeta a cambios sin previo aviso y no debe considerarse como asesoramiento financiero, de inversi\u00f3n, fiscal o legal. Berkeley Financial no se hace responsable de ning\u00fan error u omisi\u00f3n. Para m\u00e1s informaci\u00f3n<\/small>[\/vc_column_text][\/vc_column_inner][\/vc_row_inner][\/vc_column][\/vc_row]<style>.vc_custom_1724772861311{background: #25221b url(https:\/\/berkeley.com\/app\/uploads\/2024\/08\/Berkeley-Ready-to-talk-ok.jpg?id=785) !important;background-position: center !important;background-repeat: no-repeat !important;background-size: cover !important;}<\/style>[\/vc_column][\/vc_row]<\/p>\n<\/div>","protected":false},"excerpt":{"rendered":"<p>[vc_row row_width=&#8221;fullwidth_contained&#8221; el_class=&#8221;hero&#8221; css=&#8221;.vc_custom_1723805060651{background-image: url(https:\/\/berkeley.com\/app\/uploads\/2024\/08\/hero-subsidiaries.jpg?id=274) !important;background-position: center !important;background-repeat: no-repeat !important;background-size: cover !important;}&#8221;][vc_column][vc_row_inner][vc_column_inner width=&#8221;1\/2&#8243;][\/vc_column_inner][vc_column_inner width=&#8221;1\/2&#8243;][vc_custom_heading text=&#8221;Pol\u00edtica de [&hellip;]<\/p>\n","protected":false},"author":1,"featured_media":0,"parent":0,"menu_order":0,"comment_status":"closed","ping_status":"closed","template":"","meta":{"_acf_changed":false,"inline_featured_image":false,"footnotes":""},"class_list":["post-1606","page","type-page","status-publish","hentry"],"acf":[],"yoast_head":"<!-- This site is optimized with the Yoast SEO plugin v27.5 - https:\/\/yoast.com\/product\/yoast-seo-wordpress\/ -->\n<title>Cookies Policy - Berkeley Financial<\/title>\n<meta name=\"robots\" content=\"noindex, follow\" \/>\n<meta property=\"og:locale\" content=\"es_ES\" \/>\n<meta property=\"og:type\" content=\"article\" \/>\n<meta property=\"og:title\" content=\"Cookies Policy - Berkeley Financial\" \/>\n<meta property=\"og:description\" content=\"[vc_row row_width=&#8221;fullwidth_contained&#8221; el_class=&#8221;hero&#8221; css=&#8221;.vc_custom_1723805060651{background-image: url(https:\/\/berkeley.com\/app\/uploads\/2024\/08\/hero-subsidiaries.jpg?id=274) !important;background-position: center !important;background-repeat: no-repeat !important;background-size: cover !important;}&#8221;][vc_column][vc_row_inner][vc_column_inner width=&#8221;1\/2&#8243;][\/vc_column_inner][vc_column_inner width=&#8221;1\/2&#8243;][vc_custom_heading text=&#8221;Pol\u00edtica de [&hellip;]\" \/>\n<meta property=\"og:url\" content=\"https:\/\/berkeley.com\/es\/cookies-policy\/\" \/>\n<meta property=\"og:site_name\" content=\"Berkeley Financial\" \/>\n<meta property=\"article:modified_time\" content=\"2024-12-11T11:13:00+00:00\" \/>\n<meta name=\"twitter:card\" content=\"summary_large_image\" \/>\n<meta name=\"twitter:label1\" content=\"Est. reading time\" \/>\n\t<meta name=\"twitter:data1\" content=\"4 minutes\" \/>\n<script type=\"application\/ld+json\" class=\"yoast-schema-graph\">{\"@context\":\"https:\\\/\\\/schema.org\",\"@graph\":[{\"@type\":\"WebPage\",\"@id\":\"https:\\\/\\\/berkeley.com\\\/es\\\/cookies-policy\\\/\",\"url\":\"https:\\\/\\\/berkeley.com\\\/es\\\/cookies-policy\\\/\",\"name\":\"Cookies Policy - Berkeley Financial\",\"isPartOf\":{\"@id\":\"https:\\\/\\\/berkeley.com\\\/#website\"},\"datePublished\":\"2024-08-24T14:18:15+00:00\",\"dateModified\":\"2024-12-11T11:13:00+00:00\",\"breadcrumb\":{\"@id\":\"https:\\\/\\\/berkeley.com\\\/es\\\/cookies-policy\\\/#breadcrumb\"},\"inLanguage\":\"es-ES\",\"potentialAction\":[{\"@type\":\"ReadAction\",\"target\":[\"https:\\\/\\\/berkeley.com\\\/es\\\/cookies-policy\\\/\"]}]},{\"@type\":\"BreadcrumbList\",\"@id\":\"https:\\\/\\\/berkeley.com\\\/es\\\/cookies-policy\\\/#breadcrumb\",\"itemListElement\":[{\"@type\":\"ListItem\",\"position\":1,\"name\":\"Home\",\"item\":\"https:\\\/\\\/berkeley.com\\\/es\\\/\"},{\"@type\":\"ListItem\",\"position\":2,\"name\":\"Cookies Policy\"}]},{\"@type\":\"WebSite\",\"@id\":\"https:\\\/\\\/berkeley.com\\\/#website\",\"url\":\"https:\\\/\\\/berkeley.com\\\/\",\"name\":\"Berkeley Financial\",\"description\":\"\",\"publisher\":{\"@id\":\"https:\\\/\\\/berkeley.com\\\/#organization\"},\"potentialAction\":[{\"@type\":\"SearchAction\",\"target\":{\"@type\":\"EntryPoint\",\"urlTemplate\":\"https:\\\/\\\/berkeley.com\\\/?s={search_term_string}\"},\"query-input\":{\"@type\":\"PropertyValueSpecification\",\"valueRequired\":true,\"valueName\":\"search_term_string\"}}],\"inLanguage\":\"es-ES\"},{\"@type\":\"Organization\",\"@id\":\"https:\\\/\\\/berkeley.com\\\/#organization\",\"name\":\"Berkeley Financial\",\"url\":\"https:\\\/\\\/berkeley.com\\\/\",\"logo\":{\"@type\":\"ImageObject\",\"inLanguage\":\"es-ES\",\"@id\":\"https:\\\/\\\/berkeley.com\\\/#\\\/schema\\\/logo\\\/image\\\/\",\"url\":\"https:\\\/\\\/berkeley.com\\\/app\\\/uploads\\\/2024\\\/08\\\/berkeley-financial-logo.svg\",\"contentUrl\":\"https:\\\/\\\/berkeley.com\\\/app\\\/uploads\\\/2024\\\/08\\\/berkeley-financial-logo.svg\",\"width\":102,\"height\":79,\"caption\":\"Berkeley Financial\"},\"image\":{\"@id\":\"https:\\\/\\\/berkeley.com\\\/#\\\/schema\\\/logo\\\/image\\\/\"}}]}<\/script>\n<!-- \/ Yoast SEO plugin. -->","yoast_head_json":{"title":"Cookies Policy - Berkeley Financial","robots":{"index":"noindex","follow":"follow"},"og_locale":"es_ES","og_type":"article","og_title":"Cookies Policy - Berkeley Financial","og_description":"[vc_row row_width=&#8221;fullwidth_contained&#8221; el_class=&#8221;hero&#8221; css=&#8221;.vc_custom_1723805060651{background-image: url(https:\/\/berkeley.com\/app\/uploads\/2024\/08\/hero-subsidiaries.jpg?id=274) !important;background-position: center !important;background-repeat: no-repeat !important;background-size: cover !important;}&#8221;][vc_column][vc_row_inner][vc_column_inner width=&#8221;1\/2&#8243;][\/vc_column_inner][vc_column_inner width=&#8221;1\/2&#8243;][vc_custom_heading text=&#8221;Pol\u00edtica de [&hellip;]","og_url":"https:\/\/berkeley.com\/es\/cookies-policy\/","og_site_name":"Berkeley Financial","article_modified_time":"2024-12-11T11:13:00+00:00","twitter_card":"summary_large_image","twitter_misc":{"Est. reading time":"4 minutes"},"schema":{"@context":"https:\/\/schema.org","@graph":[{"@type":"WebPage","@id":"https:\/\/berkeley.com\/es\/cookies-policy\/","url":"https:\/\/berkeley.com\/es\/cookies-policy\/","name":"Cookies Policy - Berkeley Financial","isPartOf":{"@id":"https:\/\/berkeley.com\/#website"},"datePublished":"2024-08-24T14:18:15+00:00","dateModified":"2024-12-11T11:13:00+00:00","breadcrumb":{"@id":"https:\/\/berkeley.com\/es\/cookies-policy\/#breadcrumb"},"inLanguage":"es-ES","potentialAction":[{"@type":"ReadAction","target":["https:\/\/berkeley.com\/es\/cookies-policy\/"]}]},{"@type":"BreadcrumbList","@id":"https:\/\/berkeley.com\/es\/cookies-policy\/#breadcrumb","itemListElement":[{"@type":"ListItem","position":1,"name":"Home","item":"https:\/\/berkeley.com\/es\/"},{"@type":"ListItem","position":2,"name":"Cookies Policy"}]},{"@type":"WebSite","@id":"https:\/\/berkeley.com\/#website","url":"https:\/\/berkeley.com\/","name":"Berkeley Financial","description":"","publisher":{"@id":"https:\/\/berkeley.com\/#organization"},"potentialAction":[{"@type":"SearchAction","target":{"@type":"EntryPoint","urlTemplate":"https:\/\/berkeley.com\/?s={search_term_string}"},"query-input":{"@type":"PropertyValueSpecification","valueRequired":true,"valueName":"search_term_string"}}],"inLanguage":"es-ES"},{"@type":"Organization","@id":"https:\/\/berkeley.com\/#organization","name":"Berkeley Financial","url":"https:\/\/berkeley.com\/","logo":{"@type":"ImageObject","inLanguage":"es-ES","@id":"https:\/\/berkeley.com\/#\/schema\/logo\/image\/","url":"https:\/\/berkeley.com\/app\/uploads\/2024\/08\/berkeley-financial-logo.svg","contentUrl":"https:\/\/berkeley.com\/app\/uploads\/2024\/08\/berkeley-financial-logo.svg","width":102,"height":79,"caption":"Berkeley Financial"},"image":{"@id":"https:\/\/berkeley.com\/#\/schema\/logo\/image\/"}}]}},"_links":{"self":[{"href":"https:\/\/berkeley.com\/es\/wp-json\/wp\/v2\/pages\/1606","targetHints":{"allow":["GET"]}}],"collection":[{"href":"https:\/\/berkeley.com\/es\/wp-json\/wp\/v2\/pages"}],"about":[{"href":"https:\/\/berkeley.com\/es\/wp-json\/wp\/v2\/types\/page"}],"author":[{"embeddable":true,"href":"https:\/\/berkeley.com\/es\/wp-json\/wp\/v2\/users\/1"}],"replies":[{"embeddable":true,"href":"https:\/\/berkeley.com\/es\/wp-json\/wp\/v2\/comments?post=1606"}],"version-history":[{"count":2,"href":"https:\/\/berkeley.com\/es\/wp-json\/wp\/v2\/pages\/1606\/revisions"}],"predecessor-version":[{"id":1881,"href":"https:\/\/berkeley.com\/es\/wp-json\/wp\/v2\/pages\/1606\/revisions\/1881"}],"wp:attachment":[{"href":"https:\/\/berkeley.com\/es\/wp-json\/wp\/v2\/media?parent=1606"}],"curies":[{"name":"wp","href":"https:\/\/api.w.org\/{rel}","templated":true}]}}